{"id":13,"date":"2024-03-25T18:28:20","date_gmt":"2024-03-25T21:28:20","guid":{"rendered":"https:\/\/estaleiroescola.com.br\/?page_id=13"},"modified":"2024-04-15T14:28:27","modified_gmt":"2024-04-15T17:28:27","slug":"construcao","status":"publish","type":"page","link":"https:\/\/estaleiroescola.com.br\/","title":{"rendered":"Constru\u00e7\u00e3o"},"content":{"rendered":"\t\t<div data-elementor-type=\"wp-page\" data-elementor-id=\"13\" class=\"elementor elementor-13\" data-elementor-post-type=\"page\">\n\t\t\t\t<div class=\"elementor-element elementor-element-undefined-34cdc83 e-flex e-con-boxed e-con e-parent\" data-id=\"undefined-34cdc83\" data-element_type=\"container\" data-settings=\"{&quot;background_background&quot;:&quot;classic&quot;}\">\n\t\t\t\t\t<div class=\"e-con-inner\">\n\t\t<div class=\"elementor-element elementor-element-undefined-4c4693f e-con-full e-flex e-con e-child\" data-id=\"undefined-4c4693f\" data-element_type=\"container\">\n\t\t\t\t<div class=\"elementor-element elementor-element-ef67114 elementor-widget elementor-widget-heading\" data-id=\"ef67114\" data-element_type=\"widget\" data-widget_type=\"heading.default\">\n\t\t\t\t<div class=\"elementor-widget-container\">\n\t\t\t\t\t<h2 class=\"elementor-heading-title elementor-size-default\">Aguarde! <br>Em breve um site para quem ama e vive <br>a constru\u00e7\u00e3o artesanal de embarca\u00e7\u00f5es.<\/h2>\t\t\t\t<\/div>\n\t\t\t\t<\/div>\n\t\t\t\t<\/div>\n\t\t\t\t\t<\/div>\n\t\t\t\t<\/div>\n\t\t\t\t<\/div>\n\t\t","protected":false},"excerpt":{"rendered":"<p>Aguarde! Em breve um site para quem ama e vive a constru\u00e7\u00e3o artesanal de embarca\u00e7\u00f5es.<\/p>\n","protected":false},"author":1,"featured_media":0,"parent":0,"menu_order":0,"comment_status":"closed","ping_status":"closed","template":"elementor_canvas","meta":{"jetpack_post_was_ever_published":false,"footnotes":""},"aioseo_notices":[],"jetpack_sharing_enabled":true,"jetpack-related-posts":[],"_links":{"self":[{"href":"https:\/\/estaleiroescola.com.br\/index.php?rest_route=\/wp\/v2\/pages\/13"}],"collection":[{"href":"https:\/\/estaleiroescola.com.br\/index.php?rest_route=\/wp\/v2\/pages"}],"about":[{"href":"https:\/\/estaleiroescola.com.br\/index.php?rest_route=\/wp\/v2\/types\/page"}],"author":[{"embeddable":true,"href":"https:\/\/estaleiroescola.com.br\/index.php?rest_route=\/wp\/v2\/users\/1"}],"replies":[{"embeddable":true,"href":"https:\/\/estaleiroescola.com.br\/index.php?rest_route=%2Fwp%2Fv2%2Fcomments&post=13"}],"version-history":[{"count":16,"href":"https:\/\/estaleiroescola.com.br\/index.php?rest_route=\/wp\/v2\/pages\/13\/revisions"}],"predecessor-version":[{"id":37,"href":"https:\/\/estaleiroescola.com.br\/index.php?rest_route=\/wp\/v2\/pages\/13\/revisions\/37"}],"wp:attachment":[{"href":"https:\/\/estaleiroescola.com.br\/index.php?rest_route=%2Fwp%2Fv2%2Fmedia&parent=13"}],"curies":[{"name":"wp","href":"https:\/\/api.w.org\/{rel}","templated":true}]}}